{"id":21,"date":"2023-02-03T00:54:16","date_gmt":"2023-02-03T00:54:16","guid":{"rendered":"https:\/\/lesraisons.com\/?page_id=21"},"modified":"2023-02-03T23:53:58","modified_gmt":"2023-02-03T23:53:58","slug":"about","status":"publish","type":"page","link":"https:\/\/lesraisons.com\/?page_id=21","title":{"rendered":"About Ra\u00edson"},"content":{"rendered":"<div class=\"wp-block-image is-style-rounded\">\n<figure class=\"aligncenter size-large\"><img loading=\"lazy\" decoding=\"async\" width=\"768\" height=\"1024\" src=\"https:\/\/lesraisons.com\/wp-content\/uploads\/2023\/02\/IMG_0669-768x1024.jpg\" alt=\"\" class=\"wp-image-24\" srcset=\"https:\/\/lesraisons.com\/wp-content\/uploads\/2023\/02\/IMG_0669-768x1025.jpg 768w, https:\/\/lesraisons.com\/wp-content\/uploads\/2023\/02\/IMG_0669-225x300.jpg 225w, https:\/\/lesraisons.com\/wp-content\/uploads\/2023\/02\/IMG_0669-1151x1536.jpg 1151w, https:\/\/lesraisons.com\/wp-content\/uploads\/2023\/02\/IMG_0669.jpg 1536w\" sizes=\"auto, (max-width: 768px) 100vw, 768px\" \/><\/figure><\/div>\n\n\n<h1 class=\"has-text-align-center wp-block-heading\"><strong><em>Ra\u00edson<\/em><\/strong><\/h1>\n\n\n\n<p class=\"has-text-align-center\"><em>justification of existence&nbsp;<\/em><\/p>\n\n\n\n<p class=\"has-text-align-center has-eighty-black-background-color has-background\">Named after the french term &#8216;raison d&#8217;\u00eatre&#8217;, Ra\u00edson embodies the reframing of historical imagery through the use of fashion. Ra\u00edson acts as an outlet to explore the justification of existence, just as the original term implies.\u00a0                                                                                              Reason lies within the power of the mind, so join me, as I redefine quintessential human experiences such as the &#8220;American working woman&#8221;, and the childhood experience of the candy lady. I seek to navigate the revival of luxury, and what &#8220;classic&#8221; truly means.\u00a0                                         I believe that beauty lies at the center of life, and it is my mission to highlight the beauty in everything.\u00a0<\/p>\n\n\n\n<p class=\"has-text-align-center has-eighty-black-background-color has-background\">The mind is the greatest tool to justify art. With the power to think, understand, and form judgement, it is the only thing truly capable of redefining the constructs that bind us. <\/p>\n","protected":false},"excerpt":{"rendered":"<p>Ra\u00edson justification of existence&nbsp; Named after the french term &#8216;raison d&#8217;\u00eatre&#8217;, Ra\u00edson embodies the reframing of historical imagery through the use of fashion. Ra\u00edson acts<\/p>\n","protected":false},"author":1,"featured_media":0,"parent":0,"menu_order":0,"comment_status":"closed","ping_status":"closed","template":"","meta":{"footnotes":""},"class_list":["post-21","page","type-page","status-publish","hentry"],"_links":{"self":[{"href":"https:\/\/lesraisons.com\/index.php?rest_route=\/wp\/v2\/pages\/21","targetHints":{"allow":["GET"]}}],"collection":[{"href":"https:\/\/lesraisons.com\/index.php?rest_route=\/wp\/v2\/pages"}],"about":[{"href":"https:\/\/lesraisons.com\/index.php?rest_route=\/wp\/v2\/types\/page"}],"author":[{"embeddable":true,"href":"https:\/\/lesraisons.com\/index.php?rest_route=\/wp\/v2\/users\/1"}],"replies":[{"embeddable":true,"href":"https:\/\/lesraisons.com\/index.php?rest_route=%2Fwp%2Fv2%2Fcomments&post=21"}],"version-history":[{"count":3,"href":"https:\/\/lesraisons.com\/index.php?rest_route=\/wp\/v2\/pages\/21\/revisions"}],"predecessor-version":[{"id":76,"href":"https:\/\/lesraisons.com\/index.php?rest_route=\/wp\/v2\/pages\/21\/revisions\/76"}],"wp:attachment":[{"href":"https:\/\/lesraisons.com\/index.php?rest_route=%2Fwp%2Fv2%2Fmedia&parent=21"}],"curies":[{"name":"wp","href":"https:\/\/api.w.org\/{rel}","templated":true}]}}